{"id":1495,"date":"2025-05-13T15:37:12","date_gmt":"2025-05-13T13:37:12","guid":{"rendered":"https:\/\/mariclaw.com\/intellectual-property-privacy-technologies\/"},"modified":"2026-04-14T13:54:37","modified_gmt":"2026-04-14T11:54:37","slug":"intelektualna-svojina-zastita-privatnosti-i-tehnologije","status":"publish","type":"page","link":"https:\/\/mariclaw.com\/bs\/pravne-oblasti\/intelektualna-svojina-zastita-privatnosti-i-tehnologije\/","title":{"rendered":"Intelektualna svojina, za\u0161tita privatnosti i tehnologije"},"content":{"rendered":"\t\t<div data-elementor-type=\"wp-page\" data-elementor-id=\"1495\" class=\"elementor elementor-1495 elementor-675\">\n\t\t\t\t<div class=\"wd-negative-gap elementor-element elementor-element-638dba4 wd-section-stretch color-scheme-light e-flex e-con-boxed e-con e-parent\" data-id=\"638dba4\" data-element_type=\"container\" data-settings=\"{&quot;background_background&quot;:&quot;classic&quot;}\">\n\t\t\t\t\t<div class=\"e-con-inner\">\n\t\t\t\t<div class=\"elementor-element elementor-element-7464be2 wd-width-100 elementor-widget elementor-widget-wd_title\" data-id=\"7464be2\" data-element_type=\"widget\" data-widget_type=\"wd_title.default\">\n\t\t\t\t<div class=\"elementor-widget-container\">\n\t\t\t\t\t\t\t<div class=\"title-wrapper wd-set-mb reset-last-child wd-title-color-default wd-title-style-default wd-title-size-extra-large text-left\">\n\n\t\t\t\n\t\t\t<div class=\"liner-continer\">\n\t\t\t\t<h4 class=\"woodmart-title-container title wd-fontsize-xxxl wd-underline-colored-alt\">Intelektualna svojina, za\u0161tita privatnosti i tehnologije<\/h4> \n\t\t\t\t\t\t\t<\/div>\n\n\t\t\t\t\t<\/div>\n\t\t\t\t\t\t<\/div>\n\t\t\t\t<\/div>\n\t\t\t\t\t<\/div>\n\t\t\t\t<\/div>\n\t\t<div class=\"wd-negative-gap elementor-element elementor-element-10a350e wd-section-stretch e-flex e-con-boxed e-con e-parent\" data-id=\"10a350e\" data-element_type=\"container\">\n\t\t\t\t\t<div class=\"e-con-inner\">\n\t\t<div class=\"elementor-element elementor-element-15b42b5 e-con-full e-flex e-con e-child\" data-id=\"15b42b5\" data-element_type=\"container\">\n\t\t\t\t<div class=\"elementor-element elementor-element-6f3758a color-scheme-inherit text-left elementor-widget elementor-widget-text-editor\" data-id=\"6f3758a\" data-element_type=\"widget\" data-widget_type=\"text-editor.default\">\n\t\t\t\t<div class=\"elementor-widget-container\">\n\t\t\t\t\t\t\t\t\tSavjetovanje u vezi sa pravima intelektualne svojine, za\u0161titom podataka i regulatornim pitanjima u IT sektoru.\t\t\t\t\t\t\t\t<\/div>\n\t\t\t\t<\/div>\n\t\t\t\t<div class=\"elementor-element elementor-element-e0ce9c3 color-scheme-inherit text-left elementor-widget elementor-widget-text-editor\" data-id=\"e0ce9c3\" data-element_type=\"widget\" data-widget_type=\"text-editor.default\">\n\t\t\t\t<div class=\"elementor-widget-container\">\n\t\t\t\t\t\t\t\t\t<p>Na\u0161a praksa obuhvata pru\u017eanje pravnih usluga u vezi sa za\u0161titom intelektualne svojine, uklju\u010duju\u0107i savjetovanje u postupcima registracije, licenciranja i prenosu prava, kao i rje\u0161avanje sporova koji se odnose na povredu autorskih prava, \u017eigova i patenata. Pru\u017eamo podr\u0161ku klijentima i u transakcijama koje uklju\u010duju intelektualnu svojinu, uklju\u010duju\u0107i M&amp;A projekte i ugovorne aran\u017emane.<\/p><p>Tako\u0111er savjetujemo kompanije u vezi sa za\u0161titom li\u010dnih podataka i uskla\u0111ivanjem sa zakonskim i regulatornim zahtjevima. Na\u0161 rad uklju\u010duje izradu internih politika, procjenu rizika, reviziju procedura, kao i zastupanje u postupcima koji se odnose na povrede prava na privatnost.<\/p><p>U oblasti informacionih tehnologija pru\u017eamo savjete u vezi sa ugovorima o razvoju softvera, licenciranju i pitanjima koja se odnose na nove tehnologije. Na\u0161a praksa obuhvata pravna pitanja vezana za Internet stvari (IoT), obradu velikih podataka (Big Data), digitalnu sigurnost i vlasni\u0161tvo nad pravima intelektualne svojine u tehnolo\u0161kim projektima.<\/p>\t\t\t\t\t\t\t\t<\/div>\n\t\t\t\t<\/div>\n\t\t<div class=\"elementor-element elementor-element-a530d0e e-con-full e-flex e-con e-child\" data-id=\"a530d0e\" data-element_type=\"container\">\n\t\t<div class=\"elementor-element elementor-element-e8f98f8 e-con-full e-flex e-con e-child\" data-id=\"e8f98f8\" data-element_type=\"container\">\n\t\t\t\t<div class=\"elementor-element elementor-element-d418086 elementor-widget elementor-widget-image\" data-id=\"d418086\" data-element_type=\"widget\" data-widget_type=\"image.default\">\n\t\t\t\t<div class=\"elementor-widget-container\">\n\t\t\t\t\t\t\t\t\t\t\t\t\t\t\t<img decoding=\"async\" src=\"https:\/\/mariclaw.com\/wp-content\/uploads\/elementor\/thumbs\/ChatGPT-Image-Jan-20-2026-04_06_23-PM-rhzehqx7lnt192ftmpy3oenqabg3muigcg5mr0zf4w.png\" title=\"\" alt=\"\" loading=\"lazy\" \/>\t\t\t\t\t\t\t\t\t\t\t\t\t\t\t<\/div>\n\t\t\t\t<\/div>\n\t\t\t\t<div class=\"elementor-element elementor-element-93fd28e wd-width-100 elementor-widget elementor-widget-wd_title\" data-id=\"93fd28e\" data-element_type=\"widget\" data-widget_type=\"wd_title.default\">\n\t\t\t\t<div class=\"elementor-widget-container\">\n\t\t\t\t\t\t\t<div class=\"title-wrapper wd-set-mb reset-last-child wd-title-color-default wd-title-style-default wd-title-size-default text-left\">\n\n\t\t\t\n\t\t\t<div class=\"liner-continer\">\n\t\t\t\t<h4 class=\"woodmart-title-container title wd-fontsize-l\">Anisa Tomi\u0107<\/h4> \n\t\t\t\t\t\t\t<\/div>\n\n\t\t\t\t\t<\/div>\n\t\t\t\t\t\t<\/div>\n\t\t\t\t<\/div>\n\t\t\t\t<div class=\"elementor-element elementor-element-b7add8e wd-width-100 elementor-widget elementor-widget-wd_title\" data-id=\"b7add8e\" data-element_type=\"widget\" data-widget_type=\"wd_title.default\">\n\t\t\t\t<div class=\"elementor-widget-container\">\n\t\t\t\t\t\t\t<div class=\"title-wrapper wd-set-mb reset-last-child wd-title-color-default wd-title-style-default wd-title-size-default text-left\">\n\n\t\t\t\n\t\t\t<div class=\"liner-continer\">\n\t\t\t\t<h4 class=\"woodmart-title-container title wd-fontsize-l\">Partner\t\t<\/h4> \n\t\t\t\t\t\t\t<\/div>\n\n\t\t\t\t\t<\/div>\n\t\t\t\t\t\t<\/div>\n\t\t\t\t<\/div>\n\t\t\t\t<div class=\"elementor-element elementor-element-b0e3b89 elementor-icon-list--layout-traditional elementor-list-item-link-full_width elementor-widget elementor-widget-icon-list\" data-id=\"b0e3b89\" data-element_type=\"widget\" data-widget_type=\"icon-list.default\">\n\t\t\t\t<div class=\"elementor-widget-container\">\n\t\t\t\t\t\t\t<ul class=\"elementor-icon-list-items\">\n\t\t\t\t\t\t\t<li class=\"elementor-icon-list-item\">\n\t\t\t\t\t\t\t\t\t\t\t<a href=\"mailto:anisa.tomic@mariclaw.com\">\n\n\t\t\t\t\t\t\t\t\t\t\t\t<span class=\"elementor-icon-list-icon\">\n\t\t\t\t\t\t\t<svg aria-hidden=\"true\" class=\"e-font-icon-svg e-fas-envelope\" viewBox=\"0 0 512 512\" xmlns=\"http:\/\/www.w3.org\/2000\/svg\"><path d=\"M502.3 190.8c3.9-3.1 9.7-.2 9.7 4.7V400c0 26.5-21.5 48-48 48H48c-26.5 0-48-21.5-48-48V195.6c0-5 5.7-7.8 9.7-4.7 22.4 17.4 52.1 39.5 154.1 113.6 21.1 15.4 56.7 47.8 92.2 47.6 35.7.3 72-32.8 92.3-47.6 102-74.1 131.6-96.3 154-113.7zM256 320c23.2.4 56.6-29.2 73.4-41.4 132.7-96.3 142.8-104.7 173.4-128.7 5.8-4.5 9.2-11.5 9.2-18.9v-19c0-26.5-21.5-48-48-48H48C21.5 64 0 85.5 0 112v19c0 7.4 3.4 14.3 9.2 18.9 30.6 23.9 40.7 32.4 173.4 128.7 16.8 12.2 50.2 41.8 73.4 41.4z\"><\/path><\/svg>\t\t\t\t\t\t<\/span>\n\t\t\t\t\t\t\t\t\t\t<span class=\"elementor-icon-list-text\">anisa.tomic@mariclaw.com<\/span>\n\t\t\t\t\t\t\t\t\t\t\t<\/a>\n\t\t\t\t\t\t\t\t\t<\/li>\n\t\t\t\t\t\t\t\t<li class=\"elementor-icon-list-item\">\n\t\t\t\t\t\t\t\t\t\t\t<a href=\"tel:0038733566700\">\n\n\t\t\t\t\t\t\t\t\t\t\t\t<span class=\"elementor-icon-list-icon\">\n\t\t\t\t\t\t\t<svg aria-hidden=\"true\" class=\"e-font-icon-svg e-fas-phone-alt\" viewBox=\"0 0 512 512\" xmlns=\"http:\/\/www.w3.org\/2000\/svg\"><path d=\"M497.39 361.8l-112-48a24 24 0 0 0-28 6.9l-49.6 60.6A370.66 370.66 0 0 1 130.6 204.11l60.6-49.6a23.94 23.94 0 0 0 6.9-28l-48-112A24.16 24.16 0 0 0 122.6.61l-104 24A24 24 0 0 0 0 48c0 256.5 207.9 464 464 464a24 24 0 0 0 23.4-18.6l24-104a24.29 24.29 0 0 0-14.01-27.6z\"><\/path><\/svg>\t\t\t\t\t\t<\/span>\n\t\t\t\t\t\t\t\t\t\t<span class=\"elementor-icon-list-text\">+387 33 566 700<\/span>\n\t\t\t\t\t\t\t\t\t\t\t<\/a>\n\t\t\t\t\t\t\t\t\t<\/li>\n\t\t\t\t\t\t<\/ul>\n\t\t\t\t\t\t<\/div>\n\t\t\t\t<\/div>\n\t\t\t\t<\/div>\n\t\t<div class=\"elementor-element elementor-element-a23c649 e-con-full e-flex e-con e-child\" data-id=\"a23c649\" data-element_type=\"container\">\n\t\t\t\t<div class=\"elementor-element elementor-element-1ea6fe4 elementor-widget elementor-widget-image\" data-id=\"1ea6fe4\" data-element_type=\"widget\" data-widget_type=\"image.default\">\n\t\t\t\t<div class=\"elementor-widget-container\">\n\t\t\t\t\t\t\t\t\t\t\t\t\t\t\t<img decoding=\"async\" src=\"https:\/\/mariclaw.com\/wp-content\/uploads\/elementor\/thumbs\/ChatGPT-Image-Jan-20-2026-05_27_40-PM-rhzeom4rj37g2igqj6sze69yinlmv8ruyfqbyssvog.png\" title=\"\" alt=\"\" loading=\"lazy\" \/>\t\t\t\t\t\t\t\t\t\t\t\t\t\t\t<\/div>\n\t\t\t\t<\/div>\n\t\t\t\t<div class=\"elementor-element elementor-element-437ab71 wd-width-100 elementor-widget elementor-widget-wd_title\" data-id=\"437ab71\" data-element_type=\"widget\" data-widget_type=\"wd_title.default\">\n\t\t\t\t<div class=\"elementor-widget-container\">\n\t\t\t\t\t\t\t<div class=\"title-wrapper wd-set-mb reset-last-child wd-title-color-default wd-title-style-default wd-title-size-default text-left\">\n\n\t\t\t\n\t\t\t<div class=\"liner-continer\">\n\t\t\t\t<h4 class=\"woodmart-title-container title wd-fontsize-l\">Nina Vukmirovi\u0107-Hromi\u0107      <\/h4> \n\t\t\t\t\t\t\t<\/div>\n\n\t\t\t\t\t<\/div>\n\t\t\t\t\t\t<\/div>\n\t\t\t\t<\/div>\n\t\t\t\t<div class=\"elementor-element elementor-element-7edefac wd-width-100 elementor-widget elementor-widget-wd_title\" data-id=\"7edefac\" data-element_type=\"widget\" data-widget_type=\"wd_title.default\">\n\t\t\t\t<div class=\"elementor-widget-container\">\n\t\t\t\t\t\t\t<div class=\"title-wrapper wd-set-mb reset-last-child wd-title-color-default wd-title-style-default wd-title-size-default text-left\">\n\n\t\t\t\n\t\t\t<div class=\"liner-continer\">\n\t\t\t\t<h4 class=\"woodmart-title-container title wd-fontsize-l\">Advokat \/ Odvjetnik - Rukovode\u0107i saradnik<\/h4> \n\t\t\t\t\t\t\t<\/div>\n\n\t\t\t\t\t<\/div>\n\t\t\t\t\t\t<\/div>\n\t\t\t\t<\/div>\n\t\t\t\t<div class=\"elementor-element elementor-element-d72b680 elementor-icon-list--layout-traditional elementor-list-item-link-full_width elementor-widget elementor-widget-icon-list\" data-id=\"d72b680\" data-element_type=\"widget\" data-widget_type=\"icon-list.default\">\n\t\t\t\t<div class=\"elementor-widget-container\">\n\t\t\t\t\t\t\t<ul class=\"elementor-icon-list-items\">\n\t\t\t\t\t\t\t<li class=\"elementor-icon-list-item\">\n\t\t\t\t\t\t\t\t\t\t\t<a href=\"mailto:nina.vukmirovic@mariclaw.com\">\n\n\t\t\t\t\t\t\t\t\t\t\t\t<span class=\"elementor-icon-list-icon\">\n\t\t\t\t\t\t\t<svg aria-hidden=\"true\" class=\"e-font-icon-svg e-fas-envelope\" viewBox=\"0 0 512 512\" xmlns=\"http:\/\/www.w3.org\/2000\/svg\"><path d=\"M502.3 190.8c3.9-3.1 9.7-.2 9.7 4.7V400c0 26.5-21.5 48-48 48H48c-26.5 0-48-21.5-48-48V195.6c0-5 5.7-7.8 9.7-4.7 22.4 17.4 52.1 39.5 154.1 113.6 21.1 15.4 56.7 47.8 92.2 47.6 35.7.3 72-32.8 92.3-47.6 102-74.1 131.6-96.3 154-113.7zM256 320c23.2.4 56.6-29.2 73.4-41.4 132.7-96.3 142.8-104.7 173.4-128.7 5.8-4.5 9.2-11.5 9.2-18.9v-19c0-26.5-21.5-48-48-48H48C21.5 64 0 85.5 0 112v19c0 7.4 3.4 14.3 9.2 18.9 30.6 23.9 40.7 32.4 173.4 128.7 16.8 12.2 50.2 41.8 73.4 41.4z\"><\/path><\/svg>\t\t\t\t\t\t<\/span>\n\t\t\t\t\t\t\t\t\t\t<span class=\"elementor-icon-list-text\">nina.vukmirovic@mariclaw.com<\/span>\n\t\t\t\t\t\t\t\t\t\t\t<\/a>\n\t\t\t\t\t\t\t\t\t<\/li>\n\t\t\t\t\t\t\t\t<li class=\"elementor-icon-list-item\">\n\t\t\t\t\t\t\t\t\t\t\t<a href=\"tel:0038733566700\">\n\n\t\t\t\t\t\t\t\t\t\t\t\t<span class=\"elementor-icon-list-icon\">\n\t\t\t\t\t\t\t<svg aria-hidden=\"true\" class=\"e-font-icon-svg e-fas-phone-alt\" viewBox=\"0 0 512 512\" xmlns=\"http:\/\/www.w3.org\/2000\/svg\"><path d=\"M497.39 361.8l-112-48a24 24 0 0 0-28 6.9l-49.6 60.6A370.66 370.66 0 0 1 130.6 204.11l60.6-49.6a23.94 23.94 0 0 0 6.9-28l-48-112A24.16 24.16 0 0 0 122.6.61l-104 24A24 24 0 0 0 0 48c0 256.5 207.9 464 464 464a24 24 0 0 0 23.4-18.6l24-104a24.29 24.29 0 0 0-14.01-27.6z\"><\/path><\/svg>\t\t\t\t\t\t<\/span>\n\t\t\t\t\t\t\t\t\t\t<span class=\"elementor-icon-list-text\">+387 33 566 700<\/span>\n\t\t\t\t\t\t\t\t\t\t\t<\/a>\n\t\t\t\t\t\t\t\t\t<\/li>\n\t\t\t\t\t\t<\/ul>\n\t\t\t\t\t\t<\/div>\n\t\t\t\t<\/div>\n\t\t\t\t<\/div>\n\t\t<div class=\"elementor-element elementor-element-946452c e-con-full e-flex e-con e-child\" data-id=\"946452c\" data-element_type=\"container\">\n\t\t\t\t<div class=\"elementor-element elementor-element-8ff990a wd-width-100 elementor-widget elementor-widget-wd_title\" data-id=\"8ff990a\" data-element_type=\"widget\" data-widget_type=\"wd_title.default\">\n\t\t\t\t<div class=\"elementor-widget-container\">\n\t\t\t\t\t\t\t<div class=\"title-wrapper wd-set-mb reset-last-child wd-title-color-default wd-title-style-default wd-title-size-default text-left\">\n\n\t\t\t\n\t\t\t<div class=\"liner-continer\">\n\t\t\t\t<h4 class=\"woodmart-title-container title wd-fontsize-l\"><\/h4> \n\t\t\t\t\t\t\t<\/div>\n\n\t\t\t\t\t<\/div>\n\t\t\t\t\t\t<\/div>\n\t\t\t\t<\/div>\n\t\t\t\t<div class=\"elementor-element elementor-element-efcb634 wd-width-100 elementor-widget elementor-widget-wd_title\" data-id=\"efcb634\" data-element_type=\"widget\" data-widget_type=\"wd_title.default\">\n\t\t\t\t<div class=\"elementor-widget-container\">\n\t\t\t\t\t\t\t<div class=\"title-wrapper wd-set-mb reset-last-child wd-title-color-default wd-title-style-default wd-title-size-default text-left\">\n\n\t\t\t\n\t\t\t<div class=\"liner-continer\">\n\t\t\t\t<h4 class=\"woodmart-title-container title wd-fontsize-l\"><\/h4> \n\t\t\t\t\t\t\t<\/div>\n\n\t\t\t\t\t<\/div>\n\t\t\t\t\t\t<\/div>\n\t\t\t\t<\/div>\n\t\t\t\t<div class=\"elementor-element elementor-element-6dc175b elementor-icon-list--layout-traditional elementor-list-item-link-full_width elementor-widget elementor-widget-icon-list\" data-id=\"6dc175b\" data-element_type=\"widget\" data-widget_type=\"icon-list.default\">\n\t\t\t\t<div class=\"elementor-widget-container\">\n\t\t\t\t\t\t\t<ul class=\"elementor-icon-list-items\">\n\t\t\t\t\t\t\t<li class=\"elementor-icon-list-item\">\n\t\t\t\t\t\t\t\t\t\t\t<a href=\"tel:0038733566700\">\n\n\t\t\t\t\t\t\t\t\t\t\t<span class=\"elementor-icon-list-text\"><\/span>\n\t\t\t\t\t\t\t\t\t\t\t<\/a>\n\t\t\t\t\t\t\t\t\t<\/li>\n\t\t\t\t\t\t<\/ul>\n\t\t\t\t\t\t<\/div>\n\t\t\t\t<\/div>\n\t\t\t\t<\/div>\n\t\t<div class=\"elementor-element elementor-element-bd2e2f4 e-con-full elementor-hidden-tablet elementor-hidden-mobile e-flex e-con e-child\" data-id=\"bd2e2f4\" data-element_type=\"container\">\n\t\t\t\t<\/div>\n\t\t\t\t<\/div>\n\t\t\t\t<\/div>\n\t\t\t\t\t<\/div>\n\t\t\t\t<\/div>\n\t\t<div class=\"wd-negative-gap elementor-element elementor-element-264aeb2 e-flex e-con-boxed e-con e-parent\" data-id=\"264aeb2\" data-element_type=\"container\">\n\t\t\t\t\t<div class=\"e-con-inner\">\n\t\t\t\t<div class=\"elementor-element elementor-element-2edc55d elementor-widget__width-initial elementor-widget elementor-widget-wd_button\" data-id=\"2edc55d\" data-element_type=\"widget\" data-widget_type=\"wd_button.default\">\n\t\t\t\t<div class=\"elementor-widget-container\">\n\t\t\t\t\t\t\t<div class=\"wd-button-wrapper text-left\" >\n\t\t\t<a class=\"btn btn-style-default btn-shape-semi-round btn-size-large btn-color-primary btn-full-width btn-icon-pos-right\"  href=\"\/bs\/kontakt\/\">\n\t\t\t\t<span class=\"wd-btn-text\" data-elementor-setting-key=\"text\">\n\t\t\t\t\tKontaktirajte nas\t\t\t\t<\/span>\n\n\t\t\t\t\t\t\t\t\t<span class=\"wd-btn-icon\">\n\t\t\t\t\t\t<svg xmlns=\"http:\/\/www.w3.org\/2000\/svg\" width=\"7\" height=\"9\" viewBox=\"0 0 7 9\" fill=\"none\"><path d=\"M1 8L5 4.5L3 2.75L1 1\" stroke=\"white\" stroke-width=\"2\" stroke-linecap=\"round\"><\/path><\/svg>\t\t\t\t\t<\/span>\n\t\t\t\t\t\t\t<\/a>\n\t\t<\/div>\n\t\t\t\t\t\t<\/div>\n\t\t\t\t<\/div>\n\t\t\t\t\t<\/div>\n\t\t\t\t<\/div>\n\t\t\t\t<\/div>\n\t\t","protected":false},"excerpt":{"rendered":"<p>Intelektualna svojina, za\u0161tita privatnosti i tehnologije Savjetovanje u vezi sa pravima intelektualne svojine, za\u0161titom podataka i regulatornim pitanjima u IT<\/p>\n","protected":false},"author":1,"featured_media":0,"parent":1517,"menu_order":0,"comment_status":"closed","ping_status":"closed","template":"","meta":{"footnotes":""},"class_list":["post-1495","page","type-page","status-publish","hentry"],"yoast_head":"<!-- This site is optimized with the Yoast SEO plugin v25.7 - https:\/\/yoast.com\/wordpress\/plugins\/seo\/ -->\n<title>Intelektualna svojina, za\u0161tita privatnosti i tehnologije - MARIC &amp; Co<\/title>\n<meta name=\"robots\" content=\"index, follow, max-snippet:-1, max-image-preview:large, max-video-preview:-1\" \/>\n<link rel=\"canonical\" href=\"https:\/\/mariclaw.com\/our-expertise\/intellectual-property-privacy-technologies\/\" \/>\n<meta property=\"og:locale\" content=\"bs_BA\" \/>\n<meta property=\"og:type\" content=\"article\" \/>\n<meta property=\"og:title\" content=\"Intelektualna svojina, za\u0161tita privatnosti i tehnologije - MARIC &amp; Co\" \/>\n<meta property=\"og:description\" content=\"Intelektualna svojina, za\u0161tita privatnosti i tehnologije Savjetovanje u vezi sa pravima intelektualne svojine, za\u0161titom podataka i regulatornim pitanjima u IT\" \/>\n<meta property=\"og:url\" content=\"https:\/\/mariclaw.com\/our-expertise\/intellectual-property-privacy-technologies\/\" \/>\n<meta property=\"og:site_name\" content=\"MARIC &amp; Co\" \/>\n<meta property=\"article:modified_time\" content=\"2026-04-14T11:54:37+00:00\" \/>\n<meta property=\"og:image\" content=\"https:\/\/mariclaw.com\/wp-content\/uploads\/elementor\/thumbs\/ChatGPT-Image-Jan-20-2026-04_06_23-PM-rhzehqx7lnt192ftmpy3oenqabg3muigcg5mr0zf4w.png\" \/>\n<meta name=\"twitter:card\" content=\"summary_large_image\" \/>\n<meta name=\"twitter:label1\" content=\"Est. reading time\" \/>\n\t<meta name=\"twitter:data1\" content=\"2 minute\" \/>\n<script type=\"application\/ld+json\" class=\"yoast-schema-graph\">{\"@context\":\"https:\/\/schema.org\",\"@graph\":[{\"@type\":\"WebPage\",\"@id\":\"https:\/\/mariclaw.com\/our-expertise\/intellectual-property-privacy-technologies\/\",\"url\":\"https:\/\/mariclaw.com\/our-expertise\/intellectual-property-privacy-technologies\/\",\"name\":\"Intelektualna svojina, za\u0161tita privatnosti i tehnologije - MARIC &amp; Co\",\"isPartOf\":{\"@id\":\"https:\/\/mariclaw.com\/#website\"},\"primaryImageOfPage\":{\"@id\":\"https:\/\/mariclaw.com\/our-expertise\/intellectual-property-privacy-technologies\/#primaryimage\"},\"image\":{\"@id\":\"https:\/\/mariclaw.com\/our-expertise\/intellectual-property-privacy-technologies\/#primaryimage\"},\"thumbnailUrl\":\"https:\/\/mariclaw.com\/wp-content\/uploads\/elementor\/thumbs\/ChatGPT-Image-Jan-20-2026-04_06_23-PM-rhzehqx7lnt192ftmpy3oenqabg3muigcg5mr0zf4w.png\",\"datePublished\":\"2025-05-13T13:37:12+00:00\",\"dateModified\":\"2026-04-14T11:54:37+00:00\",\"breadcrumb\":{\"@id\":\"https:\/\/mariclaw.com\/our-expertise\/intellectual-property-privacy-technologies\/#breadcrumb\"},\"inLanguage\":\"bs-BA\",\"potentialAction\":[{\"@type\":\"ReadAction\",\"target\":[\"https:\/\/mariclaw.com\/our-expertise\/intellectual-property-privacy-technologies\/\"]}]},{\"@type\":\"ImageObject\",\"inLanguage\":\"bs-BA\",\"@id\":\"https:\/\/mariclaw.com\/our-expertise\/intellectual-property-privacy-technologies\/#primaryimage\",\"url\":\"https:\/\/mariclaw.com\/wp-content\/uploads\/elementor\/thumbs\/ChatGPT-Image-Jan-20-2026-04_06_23-PM-rhzehqx7lnt192ftmpy3oenqabg3muigcg5mr0zf4w.png\",\"contentUrl\":\"https:\/\/mariclaw.com\/wp-content\/uploads\/elementor\/thumbs\/ChatGPT-Image-Jan-20-2026-04_06_23-PM-rhzehqx7lnt192ftmpy3oenqabg3muigcg5mr0zf4w.png\"},{\"@type\":\"BreadcrumbList\",\"@id\":\"https:\/\/mariclaw.com\/our-expertise\/intellectual-property-privacy-technologies\/#breadcrumb\",\"itemListElement\":[{\"@type\":\"ListItem\",\"position\":1,\"name\":\"Home\",\"item\":\"https:\/\/mariclaw.com\/\"},{\"@type\":\"ListItem\",\"position\":2,\"name\":\"Pravne Oblasti\",\"item\":\"https:\/\/mariclaw.com\/bs\/pravne-oblasti\/\"},{\"@type\":\"ListItem\",\"position\":3,\"name\":\"Intelektualna svojina, za\u0161tita privatnosti i tehnologije\"}]},{\"@type\":\"WebSite\",\"@id\":\"https:\/\/mariclaw.com\/#website\",\"url\":\"https:\/\/mariclaw.com\/\",\"name\":\"MARIC & Co\",\"description\":\"LAW OFFICE\",\"publisher\":{\"@id\":\"https:\/\/mariclaw.com\/#organization\"},\"potentialAction\":[{\"@type\":\"SearchAction\",\"target\":{\"@type\":\"EntryPoint\",\"urlTemplate\":\"https:\/\/mariclaw.com\/?s={search_term_string}\"},\"query-input\":{\"@type\":\"PropertyValueSpecification\",\"valueRequired\":true,\"valueName\":\"search_term_string\"}}],\"inLanguage\":\"bs-BA\"},{\"@type\":\"Organization\",\"@id\":\"https:\/\/mariclaw.com\/#organization\",\"name\":\"MARIC & Co\",\"url\":\"https:\/\/mariclaw.com\/\",\"logo\":{\"@type\":\"ImageObject\",\"inLanguage\":\"bs-BA\",\"@id\":\"https:\/\/mariclaw.com\/#\/schema\/logo\/image\/\",\"url\":\"https:\/\/mariclaw.com\/wp-content\/uploads\/2025\/07\/Maric_black.png\",\"contentUrl\":\"https:\/\/mariclaw.com\/wp-content\/uploads\/2025\/07\/Maric_black.png\",\"width\":1186,\"height\":311,\"caption\":\"MARIC & Co\"},\"image\":{\"@id\":\"https:\/\/mariclaw.com\/#\/schema\/logo\/image\/\"}}]}<\/script>\n<!-- \/ Yoast SEO plugin. -->","yoast_head_json":{"title":"Intelektualna svojina, za\u0161tita privatnosti i tehnologije - MARIC &amp; Co","robots":{"index":"index","follow":"follow","max-snippet":"max-snippet:-1","max-image-preview":"max-image-preview:large","max-video-preview":"max-video-preview:-1"},"canonical":"https:\/\/mariclaw.com\/our-expertise\/intellectual-property-privacy-technologies\/","og_locale":"bs_BA","og_type":"article","og_title":"Intelektualna svojina, za\u0161tita privatnosti i tehnologije - MARIC &amp; Co","og_description":"Intelektualna svojina, za\u0161tita privatnosti i tehnologije Savjetovanje u vezi sa pravima intelektualne svojine, za\u0161titom podataka i regulatornim pitanjima u IT","og_url":"https:\/\/mariclaw.com\/our-expertise\/intellectual-property-privacy-technologies\/","og_site_name":"MARIC &amp; Co","article_modified_time":"2026-04-14T11:54:37+00:00","og_image":[{"url":"https:\/\/mariclaw.com\/wp-content\/uploads\/elementor\/thumbs\/ChatGPT-Image-Jan-20-2026-04_06_23-PM-rhzehqx7lnt192ftmpy3oenqabg3muigcg5mr0zf4w.png","type":"","width":"","height":""}],"twitter_card":"summary_large_image","twitter_misc":{"Est. reading time":"2 minute"},"schema":{"@context":"https:\/\/schema.org","@graph":[{"@type":"WebPage","@id":"https:\/\/mariclaw.com\/our-expertise\/intellectual-property-privacy-technologies\/","url":"https:\/\/mariclaw.com\/our-expertise\/intellectual-property-privacy-technologies\/","name":"Intelektualna svojina, za\u0161tita privatnosti i tehnologije - MARIC &amp; Co","isPartOf":{"@id":"https:\/\/mariclaw.com\/#website"},"primaryImageOfPage":{"@id":"https:\/\/mariclaw.com\/our-expertise\/intellectual-property-privacy-technologies\/#primaryimage"},"image":{"@id":"https:\/\/mariclaw.com\/our-expertise\/intellectual-property-privacy-technologies\/#primaryimage"},"thumbnailUrl":"https:\/\/mariclaw.com\/wp-content\/uploads\/elementor\/thumbs\/ChatGPT-Image-Jan-20-2026-04_06_23-PM-rhzehqx7lnt192ftmpy3oenqabg3muigcg5mr0zf4w.png","datePublished":"2025-05-13T13:37:12+00:00","dateModified":"2026-04-14T11:54:37+00:00","breadcrumb":{"@id":"https:\/\/mariclaw.com\/our-expertise\/intellectual-property-privacy-technologies\/#breadcrumb"},"inLanguage":"bs-BA","potentialAction":[{"@type":"ReadAction","target":["https:\/\/mariclaw.com\/our-expertise\/intellectual-property-privacy-technologies\/"]}]},{"@type":"ImageObject","inLanguage":"bs-BA","@id":"https:\/\/mariclaw.com\/our-expertise\/intellectual-property-privacy-technologies\/#primaryimage","url":"https:\/\/mariclaw.com\/wp-content\/uploads\/elementor\/thumbs\/ChatGPT-Image-Jan-20-2026-04_06_23-PM-rhzehqx7lnt192ftmpy3oenqabg3muigcg5mr0zf4w.png","contentUrl":"https:\/\/mariclaw.com\/wp-content\/uploads\/elementor\/thumbs\/ChatGPT-Image-Jan-20-2026-04_06_23-PM-rhzehqx7lnt192ftmpy3oenqabg3muigcg5mr0zf4w.png"},{"@type":"BreadcrumbList","@id":"https:\/\/mariclaw.com\/our-expertise\/intellectual-property-privacy-technologies\/#breadcrumb","itemListElement":[{"@type":"ListItem","position":1,"name":"Home","item":"https:\/\/mariclaw.com\/"},{"@type":"ListItem","position":2,"name":"Pravne Oblasti","item":"https:\/\/mariclaw.com\/bs\/pravne-oblasti\/"},{"@type":"ListItem","position":3,"name":"Intelektualna svojina, za\u0161tita privatnosti i tehnologije"}]},{"@type":"WebSite","@id":"https:\/\/mariclaw.com\/#website","url":"https:\/\/mariclaw.com\/","name":"MARIC & Co","description":"LAW OFFICE","publisher":{"@id":"https:\/\/mariclaw.com\/#organization"},"potentialAction":[{"@type":"SearchAction","target":{"@type":"EntryPoint","urlTemplate":"https:\/\/mariclaw.com\/?s={search_term_string}"},"query-input":{"@type":"PropertyValueSpecification","valueRequired":true,"valueName":"search_term_string"}}],"inLanguage":"bs-BA"},{"@type":"Organization","@id":"https:\/\/mariclaw.com\/#organization","name":"MARIC & Co","url":"https:\/\/mariclaw.com\/","logo":{"@type":"ImageObject","inLanguage":"bs-BA","@id":"https:\/\/mariclaw.com\/#\/schema\/logo\/image\/","url":"https:\/\/mariclaw.com\/wp-content\/uploads\/2025\/07\/Maric_black.png","contentUrl":"https:\/\/mariclaw.com\/wp-content\/uploads\/2025\/07\/Maric_black.png","width":1186,"height":311,"caption":"MARIC & Co"},"image":{"@id":"https:\/\/mariclaw.com\/#\/schema\/logo\/image\/"}}]}},"_links":{"self":[{"href":"https:\/\/mariclaw.com\/bs\/wp-json\/wp\/v2\/pages\/1495","targetHints":{"allow":["GET"]}}],"collection":[{"href":"https:\/\/mariclaw.com\/bs\/wp-json\/wp\/v2\/pages"}],"about":[{"href":"https:\/\/mariclaw.com\/bs\/wp-json\/wp\/v2\/types\/page"}],"author":[{"embeddable":true,"href":"https:\/\/mariclaw.com\/bs\/wp-json\/wp\/v2\/users\/1"}],"replies":[{"embeddable":true,"href":"https:\/\/mariclaw.com\/bs\/wp-json\/wp\/v2\/comments?post=1495"}],"version-history":[{"count":3,"href":"https:\/\/mariclaw.com\/bs\/wp-json\/wp\/v2\/pages\/1495\/revisions"}],"predecessor-version":[{"id":2812,"href":"https:\/\/mariclaw.com\/bs\/wp-json\/wp\/v2\/pages\/1495\/revisions\/2812"}],"up":[{"embeddable":true,"href":"https:\/\/mariclaw.com\/bs\/wp-json\/wp\/v2\/pages\/1517"}],"wp:attachment":[{"href":"https:\/\/mariclaw.com\/bs\/wp-json\/wp\/v2\/media?parent=1495"}],"curies":[{"name":"wp","href":"https:\/\/api.w.org\/{rel}","templated":true}]}}